{"id":207,"date":"2021-06-28T09:05:31","date_gmt":"2021-06-28T09:05:31","guid":{"rendered":"https:\/\/www.appartementinparijs.com\/?page_id=207"},"modified":"2026-01-27T16:03:09","modified_gmt":"2026-01-27T16:03:09","slug":"reserveren","status":"publish","type":"page","link":"https:\/\/www.appartementinparijs.com\/index.php\/reserveren\/","title":{"rendered":"Reserveren"},"content":{"rendered":"<p><strong>Tarieven 2026 Montenotte Paris<\/strong><\/p>\n<p>-2 personen: 195 euro per nacht, verblijf langer dan 6 nachten&gt; 185 euro per nacht<br \/>\n-3 personen: 230 euro per nacht, verblijf langer dan 6 nachten&gt; 220 euro per nacht<br \/>\n-4 personen: 275 euro per nacht, verblijf langer dan 6 nachten&gt; 250 euro per nacht<br \/>\n-5 personen: 300 euro per nacht, verblijf langer dan 6 nachten&gt; 280 euro per nacht<\/p>\n<p>Twee kinderen tot 6 jaar gratis. Reserveren? Neem dan snel <a href=\"https:\/\/www.appartementinparijs.com\/index.php\/contact\/\">contact<\/a> met ons op! Dit kan telefonisch of per mail onder vermelding van naam, adres, email, telefoon, aankomst- en vertrekdatum, aantal personen. Na ontvangst sturen wij een bevestiging met informatie van de vrijblijvende aanvraag. U maakt zelf de reservering definitief door deze te bevestigen.<\/p>\n<p><strong>De parkeergarage\u00a0 WAGRAM<\/strong> aan de Rue de l&#8217;\u00c9toile 10 ligt op 100 meter van het appartement\u00a0 en biedt veilige en comfortabele parkeerplaatsen\u00a0 (wel doorrijden tot\u00a0 -6).\u00a0 Via internet is er de mogelijkheid van te voren te reserveren, globaal is de prijs 29 euro voor 24 uur.<\/p>\n<p><strong>Reizen met\u00a0 de trein. Kan heel voordelig zijn!<br \/>\n<\/strong>Kijk ook zeker eens op de site van Ouigo.com. Soms zijn de kaartjes vanuit Brussel nog goedkoper. Vanuit Gare du Nord neem je de M2 en kun je uitstappen bij Ternes of neem je buslijn 43 (duur ongeveer 30 tot 40 minuten), je ziet wat van de stad en stapt uit onderaan de Rue Montenotte nabij Restaurant Dada.<\/p>\n<p><strong>Combinatie-arrangement<\/strong><b><br \/>\n<\/b>Wil je een verblijf in ons appartement in Parijs combineren met een verblijf in ons appartement in Nice? Dat kan!<br \/>\nOnlangs hebben we de trein vanuit Vis\u00e9 naar Parijs (2,5 uur) genomen en na een verblijf van drie nachten met de trein verder naar Nice gereisd (5,5 uur). Voor ons was toen het handigste om per vliegtuig naar Brussel retour te reizen om vervolgens weer de trein te nemen vanuit Brussel naar Vis\u00e9. Aldaar stond de Toyota op de gratis parkeerplaats te wachten. Ideaal! In december waren we voor 29 euro met de trein in Parijs, voor 29 euro met de trein in Nice en voor 50 euro met het vliegtuig vanuit Nice weer retour in Brussel.<br \/>\nEen aanrader die trein! Het is leuk reizen, je ziet veel, geen stress en milieu vriendelijk.<br \/>\nIn beide steden heb je niet direct een auto nodig.<br \/>\nKijk maar eens op de website van Ouigo.com voor treinen in Frankrijk.<br \/>\nOf op basis van je wensen stellen we graag een persoonlijk arrangement voor je samen. Eventueel ook voor langere tijd of een \u2018workcation\u2019. Op beide plekken is de wifi perfect!<\/p>\n<h3><span style=\"color: #0000ff;\"><strong>Een ander gastvrij adres van ons: Port Lympia, Nice<\/strong><\/span><\/h3>\n<p><strong style=\"color: #0000ff;\"><em><img decoding=\"async\" loading=\"lazy\" class=\"alignnone size-full wp-image-408\" src=\"https:\/\/www.appartementinparijs.com\/wp-content\/uploads\/2024\/07\/Port-Lympia-scaled.jpg\" alt=\"\" width=\"2560\" height=\"1440\" srcset=\"https:\/\/www.appartementinparijs.com\/wp-content\/uploads\/2024\/07\/Port-Lympia-scaled.jpg 2560w, https:\/\/www.appartementinparijs.com\/wp-content\/uploads\/2024\/07\/Port-Lympia-300x169.jpg 300w, https:\/\/www.appartementinparijs.com\/wp-content\/uploads\/2024\/07\/Port-Lympia-1024x576.jpg 1024w, https:\/\/www.appartementinparijs.com\/wp-content\/uploads\/2024\/07\/Port-Lympia-768x432.jpg 768w, https:\/\/www.appartementinparijs.com\/wp-content\/uploads\/2024\/07\/Port-Lympia-1536x864.jpg 1536w, https:\/\/www.appartementinparijs.com\/wp-content\/uploads\/2024\/07\/Port-Lympia-2048x1152.jpg 2048w, https:\/\/www.appartementinparijs.com\/wp-content\/uploads\/2024\/07\/Port-Lympia-676x380.jpg 676w\" sizes=\"(max-width: 2560px) 100vw, 2560px\" \/><\/em><\/strong><\/p>\n<p><span style=\"color: #0000ff;\"><span style=\"color: #000000;\">Ons project in de zomer van 2024! Een zeer ruim appartement m<\/span><\/span><strong style=\"color: #0000ff;\"><span style=\"color: #000000; font-weight: 300;\">et adembenemend uitzicht op de zee en de haven van Nice is na enig regel- en kluswerk nu ook beschikbaar!!<\/span><\/strong><\/p>\n<p><span style=\"color: #000000;\">Het is een fijn appartement (geschikt tot 6 personen) met twee grote slaapkamers met kingsize bedden, een aparte woonkamer (met comfortabel bed van 1,40), aparte keuken, badkamer en apart toilet. Iedere ruimte heeft toegang tot het ruime terras met een uitzicht van 180 graden op <\/span>zowel de zee, de bergen in het achterland en oude binnenstad van Nice en dit alles ook op loopafstand. Ook steden als Monaco, Antibes, Menton, Imperia, Saint Paul de Vence, allemaal met de trein of bus, vaak binnen 20 tot 30 minuten bereikbaar.<\/p>\n<p><span style=\"color: #0000ff;\">Kortom: Twee mooie steden in \u00e9\u00e9n; Parijs-Nice! Ook combi arrangementen zijn mogelijk \u00e9n we helpen graag met een reisplan of\u00a0 vervoer mocht dit nodig zijn.<br \/>\n<\/span><span style=\"color: #000000;\">Voor meer informatie zie <a style=\"color: #000000;\" href=\"https:\/\/appartementinnice.com\/\"><strong>onze site<\/strong>\u00a0<\/a><\/span><\/p>\n<p><img decoding=\"async\" loading=\"lazy\" class=\"alignnone size-full wp-image-429\" src=\"https:\/\/www.appartementinparijs.com\/wp-content\/uploads\/2024\/10\/20240825_182230-scaled.jpg\" alt=\"\" width=\"2560\" height=\"1440\" srcset=\"https:\/\/www.appartementinparijs.com\/wp-content\/uploads\/2024\/10\/20240825_182230-scaled.jpg 2560w, https:\/\/www.appartementinparijs.com\/wp-content\/uploads\/2024\/10\/20240825_182230-300x169.jpg 300w, https:\/\/www.appartementinparijs.com\/wp-content\/uploads\/2024\/10\/20240825_182230-1024x576.jpg 1024w, https:\/\/www.appartementinparijs.com\/wp-content\/uploads\/2024\/10\/20240825_182230-768x432.jpg 768w, https:\/\/www.appartementinparijs.com\/wp-content\/uploads\/2024\/10\/20240825_182230-1536x864.jpg 1536w, https:\/\/www.appartementinparijs.com\/wp-content\/uploads\/2024\/10\/20240825_182230-2048x1152.jpg 2048w, https:\/\/www.appartementinparijs.com\/wp-content\/uploads\/2024\/10\/20240825_182230-676x380.jpg 676w\" sizes=\"(max-width: 2560px) 100vw, 2560px\" \/><\/p>\n<p><img decoding=\"async\" loading=\"lazy\" class=\"alignnone size-full wp-image-428\" src=\"https:\/\/www.appartementinparijs.com\/wp-content\/uploads\/2024\/10\/20240825_182049-scaled.jpg\" alt=\"\" width=\"2560\" height=\"1440\" srcset=\"https:\/\/www.appartementinparijs.com\/wp-content\/uploads\/2024\/10\/20240825_182049-scaled.jpg 2560w, https:\/\/www.appartementinparijs.com\/wp-content\/uploads\/2024\/10\/20240825_182049-300x169.jpg 300w, https:\/\/www.appartementinparijs.com\/wp-content\/uploads\/2024\/10\/20240825_182049-1024x576.jpg 1024w, https:\/\/www.appartementinparijs.com\/wp-content\/uploads\/2024\/10\/20240825_182049-768x432.jpg 768w, https:\/\/www.appartementinparijs.com\/wp-content\/uploads\/2024\/10\/20240825_182049-1536x864.jpg 1536w, https:\/\/www.appartementinparijs.com\/wp-content\/uploads\/2024\/10\/20240825_182049-2048x1152.jpg 2048w, https:\/\/www.appartementinparijs.com\/wp-content\/uploads\/2024\/10\/20240825_182049-676x380.jpg 676w\" sizes=\"(max-width: 2560px) 100vw, 2560px\" \/><\/p>\n<p><img decoding=\"async\" loading=\"lazy\" class=\"alignnone size-full wp-image-430\" src=\"https:\/\/www.appartementinparijs.com\/wp-content\/uploads\/2024\/10\/20240825_182528-scaled.jpg\" alt=\"\" width=\"2560\" height=\"1440\" srcset=\"https:\/\/www.appartementinparijs.com\/wp-content\/uploads\/2024\/10\/20240825_182528-scaled.jpg 2560w, https:\/\/www.appartementinparijs.com\/wp-content\/uploads\/2024\/10\/20240825_182528-300x169.jpg 300w, https:\/\/www.appartementinparijs.com\/wp-content\/uploads\/2024\/10\/20240825_182528-1024x576.jpg 1024w, https:\/\/www.appartementinparijs.com\/wp-content\/uploads\/2024\/10\/20240825_182528-768x432.jpg 768w, https:\/\/www.appartementinparijs.com\/wp-content\/uploads\/2024\/10\/20240825_182528-1536x864.jpg 1536w, https:\/\/www.appartementinparijs.com\/wp-content\/uploads\/2024\/10\/20240825_182528-2048x1152.jpg 2048w, https:\/\/www.appartementinparijs.com\/wp-content\/uploads\/2024\/10\/20240825_182528-676x380.jpg 676w\" sizes=\"(max-width: 2560px) 100vw, 2560px\" \/><\/p>\n<p><img decoding=\"async\" loading=\"lazy\" class=\"alignnone size-full wp-image-431\" src=\"https:\/\/www.appartementinparijs.com\/wp-content\/uploads\/2024\/10\/20240825_183520-scaled.jpg\" alt=\"\" width=\"2560\" height=\"1440\" srcset=\"https:\/\/www.appartementinparijs.com\/wp-content\/uploads\/2024\/10\/20240825_183520-scaled.jpg 2560w, https:\/\/www.appartementinparijs.com\/wp-content\/uploads\/2024\/10\/20240825_183520-300x169.jpg 300w, https:\/\/www.appartementinparijs.com\/wp-content\/uploads\/2024\/10\/20240825_183520-1024x576.jpg 1024w, https:\/\/www.appartementinparijs.com\/wp-content\/uploads\/2024\/10\/20240825_183520-768x432.jpg 768w, https:\/\/www.appartementinparijs.com\/wp-content\/uploads\/2024\/10\/20240825_183520-1536x864.jpg 1536w, https:\/\/www.appartementinparijs.com\/wp-content\/uploads\/2024\/10\/20240825_183520-2048x1152.jpg 2048w, https:\/\/www.appartementinparijs.com\/wp-content\/uploads\/2024\/10\/20240825_183520-676x380.jpg 676w\" sizes=\"(max-width: 2560px) 100vw, 2560px\" \/><\/p>\n<p><img decoding=\"async\" loading=\"lazy\" class=\"alignnone size-full wp-image-433\" src=\"https:\/\/www.appartementinparijs.com\/wp-content\/uploads\/2024\/10\/stoeltjes-scaled.jpg\" alt=\"\" width=\"2560\" height=\"1440\" srcset=\"https:\/\/www.appartementinparijs.com\/wp-content\/uploads\/2024\/10\/stoeltjes-scaled.jpg 2560w, https:\/\/www.appartementinparijs.com\/wp-content\/uploads\/2024\/10\/stoeltjes-300x169.jpg 300w, https:\/\/www.appartementinparijs.com\/wp-content\/uploads\/2024\/10\/stoeltjes-1024x576.jpg 1024w, https:\/\/www.appartementinparijs.com\/wp-content\/uploads\/2024\/10\/stoeltjes-768x432.jpg 768w, https:\/\/www.appartementinparijs.com\/wp-content\/uploads\/2024\/10\/stoeltjes-1536x864.jpg 1536w, https:\/\/www.appartementinparijs.com\/wp-content\/uploads\/2024\/10\/stoeltjes-2048x1152.jpg 2048w, https:\/\/www.appartementinparijs.com\/wp-content\/uploads\/2024\/10\/stoeltjes-676x380.jpg 676w\" sizes=\"(max-width: 2560px) 100vw, 2560px\" \/><\/p>\n<p><img decoding=\"async\" loading=\"lazy\" class=\"alignnone size-full wp-image-412\" src=\"https:\/\/www.appartementinparijs.com\/wp-content\/uploads\/2024\/07\/ilovenice-scaled.jpg\" alt=\"\" width=\"2560\" height=\"1211\" srcset=\"https:\/\/www.appartementinparijs.com\/wp-content\/uploads\/2024\/07\/ilovenice-scaled.jpg 2560w, https:\/\/www.appartementinparijs.com\/wp-content\/uploads\/2024\/07\/ilovenice-300x142.jpg 300w, https:\/\/www.appartementinparijs.com\/wp-content\/uploads\/2024\/07\/ilovenice-1024x485.jpg 1024w, https:\/\/www.appartementinparijs.com\/wp-content\/uploads\/2024\/07\/ilovenice-768x363.jpg 768w, https:\/\/www.appartementinparijs.com\/wp-content\/uploads\/2024\/07\/ilovenice-1536x727.jpg 1536w, https:\/\/www.appartementinparijs.com\/wp-content\/uploads\/2024\/07\/ilovenice-2048x969.jpg 2048w, https:\/\/www.appartementinparijs.com\/wp-content\/uploads\/2024\/07\/ilovenice-803x380.jpg 803w\" sizes=\"(max-width: 2560px) 100vw, 2560px\" \/><\/p>\n<p>Wij zijn al op voorverkenning \ud83d\ude42<\/p>\n<p>Roger, Chantal, Robin en Anouk<\/p>\n","protected":false},"excerpt":{"rendered":"<p>Tarieven 2026 Montenotte Paris -2 personen: 195 euro per nacht, verblijf langer dan 6 nachten&gt; 185 euro per nacht -3 personen: 230 euro per nacht, verblijf langer dan 6 nachten&gt; 220 euro per nacht -4 personen: 275 euro per nacht, verblijf langer dan 6 nachten&gt; 250 euro per nacht -5 personen: 300 euro per nacht, &hellip; <a href=\"https:\/\/www.appartementinparijs.com\/index.php\/reserveren\/\" class=\"more-link\">Verder lezen <span class=\"screen-reader-text\">Reserveren<\/span><\/a><\/p>\n","protected":false},"author":1,"featured_media":0,"parent":0,"menu_order":0,"comment_status":"closed","ping_status":"closed","template":"","meta":[],"_links":{"self":[{"href":"https:\/\/www.appartementinparijs.com\/index.php\/wp-json\/wp\/v2\/pages\/207"}],"collection":[{"href":"https:\/\/www.appartementinparijs.com\/index.php\/wp-json\/wp\/v2\/pages"}],"about":[{"href":"https:\/\/www.appartementinparijs.com\/index.php\/wp-json\/wp\/v2\/types\/page"}],"author":[{"embeddable":true,"href":"https:\/\/www.appartementinparijs.com\/index.php\/wp-json\/wp\/v2\/users\/1"}],"replies":[{"embeddable":true,"href":"https:\/\/www.appartementinparijs.com\/index.php\/wp-json\/wp\/v2\/comments?post=207"}],"version-history":[{"count":25,"href":"https:\/\/www.appartementinparijs.com\/index.php\/wp-json\/wp\/v2\/pages\/207\/revisions"}],"predecessor-version":[{"id":476,"href":"https:\/\/www.appartementinparijs.com\/index.php\/wp-json\/wp\/v2\/pages\/207\/revisions\/476"}],"wp:attachment":[{"href":"https:\/\/www.appartementinparijs.com\/index.php\/wp-json\/wp\/v2\/media?parent=207"}],"curies":[{"name":"wp","href":"https:\/\/api.w.org\/{rel}","templated":true}]}}